{"id":7403,"date":"2025-03-12T17:10:44","date_gmt":"2025-03-12T20:10:44","guid":{"rendered":"https:\/\/awasolar.com\/2026\/?post_type=product&#038;p=7403"},"modified":"2025-07-17T12:16:47","modified_gmt":"2025-07-17T16:16:47","slug":"algo-nuevo-se-acerca-te-imaginas-que-es","status":"publish","type":"product","link":"https:\/\/awasolar.com\/2026\/producto\/algo-nuevo-se-acerca-te-imaginas-que-es\/","title":{"rendered":"Awa Funcional<br> 1 Pack \/ 16 und."},"content":{"rendered":"<p><strong>\u00bfQu\u00e9 hace especial a AWA Funcional Granada?<\/strong><\/p>\n<ul>\n<li><strong>Amino\u00e1cidos esenciales de cadena ramificada (BCAA): Leucina, Valina e Isoleucina<\/strong><\/li>\n<\/ul>\n<p style=\"padding-left: 80px;\">Estos amino\u00e1cidos son fundamentales para la recuperaci\u00f3n y mantenimiento de la masa muscular.<\/p>\n<ul>\n<li><strong>Leucina:<\/strong> estimula directamente la s\u00edntesis de prote\u00ednas musculares y ayuda a reducir el desgaste muscular tras el ejercicio.<\/li>\n<li><strong>Valina:<\/strong> participa en la producci\u00f3n de energ\u00eda muscular durante el entrenamiento.<\/li>\n<li><strong>Isoleucina:<\/strong> mejora la absorci\u00f3n de glucosa por el m\u00fasculo, favoreciendo una mejor recuperaci\u00f3n y rendimiento.<\/li>\n<\/ul>\n<p>&nbsp;<\/p>\n<p style=\"padding-left: 80px;\">Los BCAA no son producidos por el cuerpo, por lo que deben obtenerse a trav\u00e9s de la alimentaci\u00f3n o suplementaci\u00f3n.<\/p>\n<ul>\n<li><strong>Vitamina B12<\/strong><\/li>\n<\/ul>\n<p style=\"padding-left: 80px;\">Contribuye a la producci\u00f3n de energ\u00eda celular, al metabolismo de prote\u00ednas y al funcionamiento del sistema nervioso, lo que la hace clave para personas activas y deportistas.<\/p>\n<ul>\n<li><strong>Magnesio<\/strong><\/li>\n<\/ul>\n<p style=\"padding-left: 80px;\">Mineral esencial para m\u00e1s de 300 funciones bioqu\u00edmicas en el cuerpo. Apoya la s\u00edntesis de prote\u00ednas, el funcionamiento muscular y el control del az\u00facar en la sangre.<\/p>\n<p style=\"padding-left: 80px;\">Sin az\u00facares a\u00f1adidos y baja en calor\u00edas<\/p>\n<p style=\"padding-left: 80px;\">Dise\u00f1ada para quienes buscan un producto funcional y saludable, sin sacrificar sabor ni composici\u00f3n limpia.<\/p>\n<ul>\n<li><strong>Sabor Granada<\/strong><\/li>\n<\/ul>\n<p style=\"padding-left: 80px;\">Un perfil de sabor fresco, natural y vibrante, ideal para acompa\u00f1ar tu rutina diaria de forma\u00a0deliciosa.<\/p>\n","protected":false},"excerpt":{"rendered":"<p><strong>Presentamos AWA Funcional Granada<\/strong>, la nueva forma de hidratarte con prop\u00f3sito, formulada especialmente para apoyar tu rendimiento f\u00edsico y bienestar diario.<\/p>\n","protected":false},"featured_media":7427,"comment_status":"closed","ping_status":"closed","template":"","meta":{"_joinchat":[]},"product_brand":[],"product_cat":[37],"product_tag":[],"class_list":{"0":"post-7403","1":"product","2":"type-product","3":"status-publish","4":"has-post-thumbnail","6":"product_cat-packs","8":"first","9":"outofstock","10":"taxable","11":"shipping-taxable","12":"purchasable","13":"product-type-simple"},"yoast_head":"<!-- This site is optimized with the Yoast SEO plugin v27.4 - https:\/\/yoast.com\/product\/yoast-seo-wordpress\/ -->\n<title>Awa Funcional 1 Pack \/ 16 und. - Un agua mineralizada generada con energ\u00eda solar<\/title>\n<meta name=\"robots\" content=\"noindex, follow, max-snippet:-1, max-image-preview:large, max-video-preview:-1\" \/>\n<meta property=\"og:locale\" content=\"es_ES\" \/>\n<meta property=\"og:type\" content=\"article\" \/>\n<meta property=\"og:title\" content=\"Awa Funcional 1 Pack \/ 16 und. - Un agua mineralizada generada con energ\u00eda solar\" \/>\n<meta property=\"og:description\" content=\"Presentamos AWA Funcional Granada, la nueva forma de hidratarte con prop\u00f3sito, formulada especialmente para apoyar tu rendimiento f\u00edsico y bienestar diario.\" \/>\n<meta property=\"og:url\" content=\"https:\/\/awasolar.com\/2026\/producto\/algo-nuevo-se-acerca-te-imaginas-que-es\/\" \/>\n<meta property=\"og:site_name\" content=\"Un agua mineralizada generada con energ\u00eda solar\" \/>\n<meta property=\"article:modified_time\" content=\"2025-07-17T16:16:47+00:00\" \/>\n<meta property=\"og:image\" content=\"https:\/\/awasolar.com\/2026\/wp-content\/uploads\/2025\/03\/awa-funcional.png\" \/>\n\t<meta property=\"og:image:width\" content=\"981\" \/>\n\t<meta property=\"og:image:height\" content=\"981\" \/>\n\t<meta property=\"og:image:type\" content=\"image\/png\" \/>\n<meta name=\"twitter:card\" content=\"summary_large_image\" \/>\n<meta name=\"twitter:label1\" content=\"Precio\" \/>\n\t<meta name=\"twitter:data1\" content=\"&#036;27.000\" \/>\n\t<meta name=\"twitter:label2\" content=\"Availability\" \/>\n\t<meta name=\"twitter:data2\" content=\"Out of stock\" \/>\n<script type=\"application\/ld+json\" class=\"yoast-schema-graph\">{\"@context\":\"https:\\\/\\\/schema.org\",\"@graph\":[{\"@type\":\"WebPage\",\"@id\":\"https:\\\/\\\/awasolar.com\\\/2026\\\/producto\\\/algo-nuevo-se-acerca-te-imaginas-que-es\\\/\",\"url\":\"https:\\\/\\\/awasolar.com\\\/2026\\\/producto\\\/algo-nuevo-se-acerca-te-imaginas-que-es\\\/\",\"name\":\"Awa Funcional 1 Pack \\\/ 16 und. - Un agua mineralizada generada con energ\u00eda solar\",\"isPartOf\":{\"@id\":\"https:\\\/\\\/awasolar.com\\\/2026\\\/#website\"},\"primaryImageOfPage\":{\"@id\":\"https:\\\/\\\/awasolar.com\\\/2026\\\/producto\\\/algo-nuevo-se-acerca-te-imaginas-que-es\\\/#primaryimage\"},\"image\":{\"@id\":\"https:\\\/\\\/awasolar.com\\\/2026\\\/producto\\\/algo-nuevo-se-acerca-te-imaginas-que-es\\\/#primaryimage\"},\"thumbnailUrl\":\"https:\\\/\\\/awasolar.com\\\/2026\\\/wp-content\\\/uploads\\\/2025\\\/03\\\/awa-funcional.png\",\"datePublished\":\"2025-03-12T20:10:44+00:00\",\"dateModified\":\"2025-07-17T16:16:47+00:00\",\"breadcrumb\":{\"@id\":\"https:\\\/\\\/awasolar.com\\\/2026\\\/producto\\\/algo-nuevo-se-acerca-te-imaginas-que-es\\\/#breadcrumb\"},\"inLanguage\":\"es\",\"potentialAction\":[{\"@type\":\"ReadAction\",\"target\":[\"https:\\\/\\\/awasolar.com\\\/2026\\\/producto\\\/algo-nuevo-se-acerca-te-imaginas-que-es\\\/\"]}]},{\"@type\":\"ImageObject\",\"inLanguage\":\"es\",\"@id\":\"https:\\\/\\\/awasolar.com\\\/2026\\\/producto\\\/algo-nuevo-se-acerca-te-imaginas-que-es\\\/#primaryimage\",\"url\":\"https:\\\/\\\/awasolar.com\\\/2026\\\/wp-content\\\/uploads\\\/2025\\\/03\\\/awa-funcional.png\",\"contentUrl\":\"https:\\\/\\\/awasolar.com\\\/2026\\\/wp-content\\\/uploads\\\/2025\\\/03\\\/awa-funcional.png\",\"width\":981,\"height\":981,\"caption\":\"awa-funcional\"},{\"@type\":\"BreadcrumbList\",\"@id\":\"https:\\\/\\\/awasolar.com\\\/2026\\\/producto\\\/algo-nuevo-se-acerca-te-imaginas-que-es\\\/#breadcrumb\",\"itemListElement\":[{\"@type\":\"ListItem\",\"position\":1,\"name\":\"Home\",\"item\":\"https:\\\/\\\/awasolar.com\\\/2026\\\/\"},{\"@type\":\"ListItem\",\"position\":2,\"name\":\"Tienda\",\"item\":\"https:\\\/\\\/awasolar.com\\\/2026\\\/tienda\\\/\"},{\"@type\":\"ListItem\",\"position\":3,\"name\":\"Awa Funcional 1 Pack \\\/ 16 und.\"}]},{\"@type\":\"WebSite\",\"@id\":\"https:\\\/\\\/awasolar.com\\\/2026\\\/#website\",\"url\":\"https:\\\/\\\/awasolar.com\\\/2026\\\/\",\"name\":\"Un agua mineralizada generada con energ\u00eda solar\",\"description\":\"Un agua mineralizada generada con energ\u00eda solar\",\"potentialAction\":[{\"@type\":\"SearchAction\",\"target\":{\"@type\":\"EntryPoint\",\"urlTemplate\":\"https:\\\/\\\/awasolar.com\\\/2026\\\/?s={search_term_string}\"},\"query-input\":{\"@type\":\"PropertyValueSpecification\",\"valueRequired\":true,\"valueName\":\"search_term_string\"}}],\"inLanguage\":\"es\"}]}<\/script>\n<meta property=\"product:price:amount\" content=\"27000\" \/>\n<meta property=\"product:price:currency\" content=\"CLP\" \/>\n<meta property=\"og:availability\" content=\"out of stock\" \/>\n<meta property=\"product:availability\" content=\"out of stock\" \/>\n<meta property=\"product:retailer_item_id\" content=\"101010-3\" \/>\n<meta property=\"product:condition\" content=\"new\" \/>\n<!-- \/ Yoast SEO plugin. -->","yoast_head_json":{"title":"Awa Funcional 1 Pack \/ 16 und. - Un agua mineralizada generada con energ\u00eda solar","robots":{"index":"noindex","follow":"follow","max-snippet":"max-snippet:-1","max-image-preview":"max-image-preview:large","max-video-preview":"max-video-preview:-1"},"og_locale":"es_ES","og_type":"article","og_title":"Awa Funcional 1 Pack \/ 16 und. - Un agua mineralizada generada con energ\u00eda solar","og_description":"Presentamos AWA Funcional Granada, la nueva forma de hidratarte con prop\u00f3sito, formulada especialmente para apoyar tu rendimiento f\u00edsico y bienestar diario.","og_url":"https:\/\/awasolar.com\/2026\/producto\/algo-nuevo-se-acerca-te-imaginas-que-es\/","og_site_name":"Un agua mineralizada generada con energ\u00eda solar","article_modified_time":"2025-07-17T16:16:47+00:00","og_image":[{"width":981,"height":981,"url":"https:\/\/awasolar.com\/2026\/wp-content\/uploads\/2025\/03\/awa-funcional.png","type":"image\/png"}],"twitter_card":"summary_large_image","twitter_misc":{"Precio":"&#36;27.000","Availability":"Out of stock"},"schema":{"@context":"https:\/\/schema.org","@graph":[{"@type":"WebPage","@id":"https:\/\/awasolar.com\/2026\/producto\/algo-nuevo-se-acerca-te-imaginas-que-es\/","url":"https:\/\/awasolar.com\/2026\/producto\/algo-nuevo-se-acerca-te-imaginas-que-es\/","name":"Awa Funcional 1 Pack \/ 16 und. - Un agua mineralizada generada con energ\u00eda solar","isPartOf":{"@id":"https:\/\/awasolar.com\/2026\/#website"},"primaryImageOfPage":{"@id":"https:\/\/awasolar.com\/2026\/producto\/algo-nuevo-se-acerca-te-imaginas-que-es\/#primaryimage"},"image":{"@id":"https:\/\/awasolar.com\/2026\/producto\/algo-nuevo-se-acerca-te-imaginas-que-es\/#primaryimage"},"thumbnailUrl":"https:\/\/awasolar.com\/2026\/wp-content\/uploads\/2025\/03\/awa-funcional.png","datePublished":"2025-03-12T20:10:44+00:00","dateModified":"2025-07-17T16:16:47+00:00","breadcrumb":{"@id":"https:\/\/awasolar.com\/2026\/producto\/algo-nuevo-se-acerca-te-imaginas-que-es\/#breadcrumb"},"inLanguage":"es","potentialAction":[{"@type":"ReadAction","target":["https:\/\/awasolar.com\/2026\/producto\/algo-nuevo-se-acerca-te-imaginas-que-es\/"]}]},{"@type":"ImageObject","inLanguage":"es","@id":"https:\/\/awasolar.com\/2026\/producto\/algo-nuevo-se-acerca-te-imaginas-que-es\/#primaryimage","url":"https:\/\/awasolar.com\/2026\/wp-content\/uploads\/2025\/03\/awa-funcional.png","contentUrl":"https:\/\/awasolar.com\/2026\/wp-content\/uploads\/2025\/03\/awa-funcional.png","width":981,"height":981,"caption":"awa-funcional"},{"@type":"BreadcrumbList","@id":"https:\/\/awasolar.com\/2026\/producto\/algo-nuevo-se-acerca-te-imaginas-que-es\/#breadcrumb","itemListElement":[{"@type":"ListItem","position":1,"name":"Home","item":"https:\/\/awasolar.com\/2026\/"},{"@type":"ListItem","position":2,"name":"Tienda","item":"https:\/\/awasolar.com\/2026\/tienda\/"},{"@type":"ListItem","position":3,"name":"Awa Funcional 1 Pack \/ 16 und."}]},{"@type":"WebSite","@id":"https:\/\/awasolar.com\/2026\/#website","url":"https:\/\/awasolar.com\/2026\/","name":"Un agua mineralizada generada con energ\u00eda solar","description":"Un agua mineralizada generada con energ\u00eda solar","potentialAction":[{"@type":"SearchAction","target":{"@type":"EntryPoint","urlTemplate":"https:\/\/awasolar.com\/2026\/?s={search_term_string}"},"query-input":{"@type":"PropertyValueSpecification","valueRequired":true,"valueName":"search_term_string"}}],"inLanguage":"es"}]},"product_price_amount":"27000","product_price_currency":"CLP","og_availability":"out of stock","product_availability":"out of stock","product_retailer_item_id":"101010-3","product_condition":"new"},"_links":{"self":[{"href":"https:\/\/awasolar.com\/2026\/wp-json\/wp\/v2\/product\/7403","targetHints":{"allow":["GET"]}}],"collection":[{"href":"https:\/\/awasolar.com\/2026\/wp-json\/wp\/v2\/product"}],"about":[{"href":"https:\/\/awasolar.com\/2026\/wp-json\/wp\/v2\/types\/product"}],"replies":[{"embeddable":true,"href":"https:\/\/awasolar.com\/2026\/wp-json\/wp\/v2\/comments?post=7403"}],"version-history":[{"count":5,"href":"https:\/\/awasolar.com\/2026\/wp-json\/wp\/v2\/product\/7403\/revisions"}],"predecessor-version":[{"id":7425,"href":"https:\/\/awasolar.com\/2026\/wp-json\/wp\/v2\/product\/7403\/revisions\/7425"}],"wp:featuredmedia":[{"embeddable":true,"href":"https:\/\/awasolar.com\/2026\/wp-json\/wp\/v2\/media\/7427"}],"wp:attachment":[{"href":"https:\/\/awasolar.com\/2026\/wp-json\/wp\/v2\/media?parent=7403"}],"wp:term":[{"taxonomy":"product_brand","embeddable":true,"href":"https:\/\/awasolar.com\/2026\/wp-json\/wp\/v2\/product_brand?post=7403"},{"taxonomy":"product_cat","embeddable":true,"href":"https:\/\/awasolar.com\/2026\/wp-json\/wp\/v2\/product_cat?post=7403"},{"taxonomy":"product_tag","embeddable":true,"href":"https:\/\/awasolar.com\/2026\/wp-json\/wp\/v2\/product_tag?post=7403"}],"curies":[{"name":"wp","href":"https:\/\/api.w.org\/{rel}","templated":true}]}}