{"id":3059,"date":"2021-12-30T09:53:37","date_gmt":"2021-12-30T12:53:37","guid":{"rendered":"https:\/\/awasolar.com\/2026\/?post_type=product&#038;p=3059"},"modified":"2025-09-16T14:03:54","modified_gmt":"2025-09-16T17:03:54","slug":"awa-sandia-1-pack-16-und","status":"publish","type":"product","link":"https:\/\/awasolar.com\/2026\/producto\/awa-sandia-1-pack-16-und\/","title":{"rendered":"AWA Sand\u00eda<br>1 Pack \/ 16 und."},"content":{"rendered":"<p>Cuando compras AWA est\u00e1s luchando contra el cambio clim\u00e1tico, porque:<\/p>\n<ul>\n<li>No explotas ninguna fuente superficial de agua.<\/li>\n<li>Utilizas un envase 100% e infinitamente reciclable.<\/li>\n<li>Est\u00e1s luchando contra las Escasez H\u00eddrica.<\/li>\n<li>Est\u00e1s ayudando a llevar agua a zonas y comunidades sin acceso a \u00e9sta.<\/li>\n<\/ul>\n<p>Caracter\u00edsticas:<\/p>\n<ul>\n<li>pH neutro.<\/li>\n<li>Libre de Sodio.<\/li>\n<li>Agua de alta calidad.<\/li>\n<li>100% Reciclable.<\/li>\n<\/ul>\n","protected":false},"excerpt":{"rendered":"<p>Refrescante como una tarde de verano.<br \/>\nAWA <strong>sabor sand\u00eda<\/strong> combina dulzura natural y frescura \u00fanica, ideal para hidratarte con conciencia. Sin sodio \u00b7 pH neutro \u00b7 Sin micropl\u00e1sticos \u00b7 Lata 100% reciclable.<\/p>\n<p>Generada s\u00f3lo con la combinaci\u00f3n del aire y el sol, a trav\u00e9s de un proceso de condensaci\u00f3n de la humedad, utilizando \u00fanicamente Energ\u00eda Solar. De esta forma, obtenemos un producto con una Huella H\u00eddrica y de Carbono 0 en su producci\u00f3n.<\/p>\n<p><strong>Venta por pack de 16 unidades.<\/strong><\/p>\n","protected":false},"featured_media":20366,"comment_status":"closed","ping_status":"closed","template":"","meta":{"_joinchat":[]},"product_brand":[],"product_cat":[37],"product_tag":[],"class_list":{"0":"post-3059","1":"product","2":"type-product","3":"status-publish","4":"has-post-thumbnail","6":"product_cat-packs","8":"first","9":"outofstock","10":"taxable","11":"shipping-taxable","12":"purchasable","13":"product-type-simple"},"yoast_head":"<!-- This site is optimized with the Yoast SEO plugin v27.4 - https:\/\/yoast.com\/product\/yoast-seo-wordpress\/ -->\n<title>AWA Sand\u00eda1 Pack \/ 16 und. - Un agua mineralizada generada con energ\u00eda solar<\/title>\n<meta name=\"robots\" content=\"noindex, follow, max-snippet:-1, max-image-preview:large, max-video-preview:-1\" \/>\n<meta property=\"og:locale\" content=\"es_ES\" \/>\n<meta property=\"og:type\" content=\"article\" \/>\n<meta property=\"og:title\" content=\"AWA Sand\u00eda1 Pack \/ 16 und. - Un agua mineralizada generada con energ\u00eda solar\" \/>\n<meta property=\"og:description\" content=\"Refrescante como una tarde de verano. AWA sabor sand\u00eda combina dulzura natural y frescura \u00fanica, ideal para hidratarte con conciencia. Sin sodio \u00b7 pH neutro \u00b7 Sin micropl\u00e1sticos \u00b7 Lata 100% reciclable.  Generada s\u00f3lo con la combinaci\u00f3n del aire y el sol, a trav\u00e9s de un proceso de condensaci\u00f3n de la humedad, utilizando \u00fanicamente Energ\u00eda Solar. De esta forma, obtenemos un producto con una Huella H\u00eddrica y de Carbono 0 en su producci\u00f3n.  Venta por pack de 16 unidades.\" \/>\n<meta property=\"og:url\" content=\"https:\/\/awasolar.com\/2026\/producto\/awa-sandia-1-pack-16-und\/\" \/>\n<meta property=\"og:site_name\" content=\"Un agua mineralizada generada con energ\u00eda solar\" \/>\n<meta property=\"article:modified_time\" content=\"2025-09-16T17:03:54+00:00\" \/>\n<meta property=\"og:image\" content=\"https:\/\/awasolar.com\/2026\/wp-content\/uploads\/2025\/05\/awa-sandia.png\" \/>\n\t<meta property=\"og:image:width\" content=\"1000\" \/>\n\t<meta property=\"og:image:height\" content=\"1000\" \/>\n\t<meta property=\"og:image:type\" content=\"image\/png\" \/>\n<meta name=\"twitter:card\" content=\"summary_large_image\" \/>\n<meta name=\"twitter:label1\" content=\"Precio\" \/>\n\t<meta name=\"twitter:data1\" content=\"&#036;21.000\" \/>\n\t<meta name=\"twitter:label2\" content=\"Availability\" \/>\n\t<meta name=\"twitter:data2\" content=\"Out of stock\" \/>\n<script type=\"application\/ld+json\" class=\"yoast-schema-graph\">{\"@context\":\"https:\\\/\\\/schema.org\",\"@graph\":[{\"@type\":\"WebPage\",\"@id\":\"https:\\\/\\\/awasolar.com\\\/2026\\\/producto\\\/awa-sandia-1-pack-16-und\\\/\",\"url\":\"https:\\\/\\\/awasolar.com\\\/2026\\\/producto\\\/awa-sandia-1-pack-16-und\\\/\",\"name\":\"AWA Sand\u00eda 1 Pack \\\/ 16 und. - Un agua mineralizada generada con energ\u00eda solar\",\"isPartOf\":{\"@id\":\"https:\\\/\\\/awasolar.com\\\/2026\\\/#website\"},\"primaryImageOfPage\":{\"@id\":\"https:\\\/\\\/awasolar.com\\\/2026\\\/producto\\\/awa-sandia-1-pack-16-und\\\/#primaryimage\"},\"image\":{\"@id\":\"https:\\\/\\\/awasolar.com\\\/2026\\\/producto\\\/awa-sandia-1-pack-16-und\\\/#primaryimage\"},\"thumbnailUrl\":\"https:\\\/\\\/awasolar.com\\\/2026\\\/wp-content\\\/uploads\\\/2025\\\/05\\\/awa-sandia.png\",\"datePublished\":\"2021-12-30T12:53:37+00:00\",\"dateModified\":\"2025-09-16T17:03:54+00:00\",\"breadcrumb\":{\"@id\":\"https:\\\/\\\/awasolar.com\\\/2026\\\/producto\\\/awa-sandia-1-pack-16-und\\\/#breadcrumb\"},\"inLanguage\":\"es\",\"potentialAction\":[{\"@type\":\"ReadAction\",\"target\":[\"https:\\\/\\\/awasolar.com\\\/2026\\\/producto\\\/awa-sandia-1-pack-16-und\\\/\"]}]},{\"@type\":\"ImageObject\",\"inLanguage\":\"es\",\"@id\":\"https:\\\/\\\/awasolar.com\\\/2026\\\/producto\\\/awa-sandia-1-pack-16-und\\\/#primaryimage\",\"url\":\"https:\\\/\\\/awasolar.com\\\/2026\\\/wp-content\\\/uploads\\\/2025\\\/05\\\/awa-sandia.png\",\"contentUrl\":\"https:\\\/\\\/awasolar.com\\\/2026\\\/wp-content\\\/uploads\\\/2025\\\/05\\\/awa-sandia.png\",\"width\":1000,\"height\":1000,\"caption\":\"awa-sandia\"},{\"@type\":\"BreadcrumbList\",\"@id\":\"https:\\\/\\\/awasolar.com\\\/2026\\\/producto\\\/awa-sandia-1-pack-16-und\\\/#breadcrumb\",\"itemListElement\":[{\"@type\":\"ListItem\",\"position\":1,\"name\":\"Home\",\"item\":\"https:\\\/\\\/awasolar.com\\\/2026\\\/\"},{\"@type\":\"ListItem\",\"position\":2,\"name\":\"Tienda\",\"item\":\"https:\\\/\\\/awasolar.com\\\/2026\\\/tienda\\\/\"},{\"@type\":\"ListItem\",\"position\":3,\"name\":\"AWA Sand\u00eda1 Pack \\\/ 16 und.\"}]},{\"@type\":\"WebSite\",\"@id\":\"https:\\\/\\\/awasolar.com\\\/2026\\\/#website\",\"url\":\"https:\\\/\\\/awasolar.com\\\/2026\\\/\",\"name\":\"Un agua mineralizada generada con energ\u00eda solar\",\"description\":\"Un agua mineralizada generada con energ\u00eda solar\",\"potentialAction\":[{\"@type\":\"SearchAction\",\"target\":{\"@type\":\"EntryPoint\",\"urlTemplate\":\"https:\\\/\\\/awasolar.com\\\/2026\\\/?s={search_term_string}\"},\"query-input\":{\"@type\":\"PropertyValueSpecification\",\"valueRequired\":true,\"valueName\":\"search_term_string\"}}],\"inLanguage\":\"es\"}]}<\/script>\n<meta property=\"product:price:amount\" content=\"21000\" \/>\n<meta property=\"product:price:currency\" content=\"CLP\" \/>\n<meta property=\"og:availability\" content=\"out of stock\" \/>\n<meta property=\"product:availability\" content=\"out of stock\" \/>\n<meta property=\"product:retailer_item_id\" content=\"101010-7\" \/>\n<meta property=\"product:condition\" content=\"new\" \/>\n<!-- \/ Yoast SEO plugin. -->","yoast_head_json":{"title":"AWA Sand\u00eda1 Pack \/ 16 und. - Un agua mineralizada generada con energ\u00eda solar","robots":{"index":"noindex","follow":"follow","max-snippet":"max-snippet:-1","max-image-preview":"max-image-preview:large","max-video-preview":"max-video-preview:-1"},"og_locale":"es_ES","og_type":"article","og_title":"AWA Sand\u00eda1 Pack \/ 16 und. - Un agua mineralizada generada con energ\u00eda solar","og_description":"Refrescante como una tarde de verano. AWA sabor sand\u00eda combina dulzura natural y frescura \u00fanica, ideal para hidratarte con conciencia. Sin sodio \u00b7 pH neutro \u00b7 Sin micropl\u00e1sticos \u00b7 Lata 100% reciclable.  Generada s\u00f3lo con la combinaci\u00f3n del aire y el sol, a trav\u00e9s de un proceso de condensaci\u00f3n de la humedad, utilizando \u00fanicamente Energ\u00eda Solar. De esta forma, obtenemos un producto con una Huella H\u00eddrica y de Carbono 0 en su producci\u00f3n.  Venta por pack de 16 unidades.","og_url":"https:\/\/awasolar.com\/2026\/producto\/awa-sandia-1-pack-16-und\/","og_site_name":"Un agua mineralizada generada con energ\u00eda solar","article_modified_time":"2025-09-16T17:03:54+00:00","og_image":[{"width":1000,"height":1000,"url":"https:\/\/awasolar.com\/2026\/wp-content\/uploads\/2025\/05\/awa-sandia.png","type":"image\/png"}],"twitter_card":"summary_large_image","twitter_misc":{"Precio":"&#36;21.000","Availability":"Out of stock"},"schema":{"@context":"https:\/\/schema.org","@graph":[{"@type":"WebPage","@id":"https:\/\/awasolar.com\/2026\/producto\/awa-sandia-1-pack-16-und\/","url":"https:\/\/awasolar.com\/2026\/producto\/awa-sandia-1-pack-16-und\/","name":"AWA Sand\u00eda 1 Pack \/ 16 und. - Un agua mineralizada generada con energ\u00eda solar","isPartOf":{"@id":"https:\/\/awasolar.com\/2026\/#website"},"primaryImageOfPage":{"@id":"https:\/\/awasolar.com\/2026\/producto\/awa-sandia-1-pack-16-und\/#primaryimage"},"image":{"@id":"https:\/\/awasolar.com\/2026\/producto\/awa-sandia-1-pack-16-und\/#primaryimage"},"thumbnailUrl":"https:\/\/awasolar.com\/2026\/wp-content\/uploads\/2025\/05\/awa-sandia.png","datePublished":"2021-12-30T12:53:37+00:00","dateModified":"2025-09-16T17:03:54+00:00","breadcrumb":{"@id":"https:\/\/awasolar.com\/2026\/producto\/awa-sandia-1-pack-16-und\/#breadcrumb"},"inLanguage":"es","potentialAction":[{"@type":"ReadAction","target":["https:\/\/awasolar.com\/2026\/producto\/awa-sandia-1-pack-16-und\/"]}]},{"@type":"ImageObject","inLanguage":"es","@id":"https:\/\/awasolar.com\/2026\/producto\/awa-sandia-1-pack-16-und\/#primaryimage","url":"https:\/\/awasolar.com\/2026\/wp-content\/uploads\/2025\/05\/awa-sandia.png","contentUrl":"https:\/\/awasolar.com\/2026\/wp-content\/uploads\/2025\/05\/awa-sandia.png","width":1000,"height":1000,"caption":"awa-sandia"},{"@type":"BreadcrumbList","@id":"https:\/\/awasolar.com\/2026\/producto\/awa-sandia-1-pack-16-und\/#breadcrumb","itemListElement":[{"@type":"ListItem","position":1,"name":"Home","item":"https:\/\/awasolar.com\/2026\/"},{"@type":"ListItem","position":2,"name":"Tienda","item":"https:\/\/awasolar.com\/2026\/tienda\/"},{"@type":"ListItem","position":3,"name":"AWA Sand\u00eda1 Pack \/ 16 und."}]},{"@type":"WebSite","@id":"https:\/\/awasolar.com\/2026\/#website","url":"https:\/\/awasolar.com\/2026\/","name":"Un agua mineralizada generada con energ\u00eda solar","description":"Un agua mineralizada generada con energ\u00eda solar","potentialAction":[{"@type":"SearchAction","target":{"@type":"EntryPoint","urlTemplate":"https:\/\/awasolar.com\/2026\/?s={search_term_string}"},"query-input":{"@type":"PropertyValueSpecification","valueRequired":true,"valueName":"search_term_string"}}],"inLanguage":"es"}]},"product_price_amount":"21000","product_price_currency":"CLP","og_availability":"out of stock","product_availability":"out of stock","product_retailer_item_id":"101010-7","product_condition":"new"},"_links":{"self":[{"href":"https:\/\/awasolar.com\/2026\/wp-json\/wp\/v2\/product\/3059","targetHints":{"allow":["GET"]}}],"collection":[{"href":"https:\/\/awasolar.com\/2026\/wp-json\/wp\/v2\/product"}],"about":[{"href":"https:\/\/awasolar.com\/2026\/wp-json\/wp\/v2\/types\/product"}],"replies":[{"embeddable":true,"href":"https:\/\/awasolar.com\/2026\/wp-json\/wp\/v2\/comments?post=3059"}],"version-history":[{"count":3,"href":"https:\/\/awasolar.com\/2026\/wp-json\/wp\/v2\/product\/3059\/revisions"}],"predecessor-version":[{"id":20372,"href":"https:\/\/awasolar.com\/2026\/wp-json\/wp\/v2\/product\/3059\/revisions\/20372"}],"wp:featuredmedia":[{"embeddable":true,"href":"https:\/\/awasolar.com\/2026\/wp-json\/wp\/v2\/media\/20366"}],"wp:attachment":[{"href":"https:\/\/awasolar.com\/2026\/wp-json\/wp\/v2\/media?parent=3059"}],"wp:term":[{"taxonomy":"product_brand","embeddable":true,"href":"https:\/\/awasolar.com\/2026\/wp-json\/wp\/v2\/product_brand?post=3059"},{"taxonomy":"product_cat","embeddable":true,"href":"https:\/\/awasolar.com\/2026\/wp-json\/wp\/v2\/product_cat?post=3059"},{"taxonomy":"product_tag","embeddable":true,"href":"https:\/\/awasolar.com\/2026\/wp-json\/wp\/v2\/product_tag?post=3059"}],"curies":[{"name":"wp","href":"https:\/\/api.w.org\/{rel}","templated":true}]}}